{"id":348,"date":"2023-05-22T14:04:32","date_gmt":"2023-05-22T11:04:32","guid":{"rendered":"https:\/\/rentastroller.gr\/?page_id=348"},"modified":"2023-05-22T14:32:11","modified_gmt":"2023-05-22T11:32:11","slug":"terms-conditions","status":"publish","type":"page","link":"https:\/\/rentastroller.gr\/de\/terms-conditions\/","title":{"rendered":"Terms &#038; Conditions"},"content":{"rendered":"<p>rentastroller.gr beh\u00e4lt sich das Recht vor, die vorliegenden Gesch\u00e4ftsbedingungen f\u00fcr Transaktionen, die \u00fcber seinen Online-Shop get\u00e4tigt werden, ohne vorherige Ank\u00fcndigung einseitig zu \u00e4ndern oder zu erneuern, indem die Besucher durch Ver\u00f6ffentlichung der neuen Gesch\u00e4ftsbedingungen auf der Website dieses Online-Shops dar\u00fcber informiert werden.<\/p>\n<p>Es wird klargestellt, dass die \u00c4nderung der Bedingungen nicht f\u00fcr Bestellungen gilt, die Sie bereits get\u00e4tigt haben.<\/p>\n<p>rentastroller.gr verpflichtet sich zur Qualit\u00e4t, Vollst\u00e4ndigkeit und G\u00fcltigkeit der auf der Website rentastroller.gr aufgef\u00fchrten Informationen, vorbehaltlich technischer oder typografischer Fehler, die nicht vorhersehbar sind oder unbeabsichtigt aufgetreten sind, einschlie\u00dflich Produktbeschreibungen und Preisen oder m\u00f6glicher Unterbrechungen im Betrieb von der Website aufgrund h\u00f6herer Gewalt, ohne gleichzeitig eine Verpflichtung zur Verf\u00fcgbarkeit der Produkte einzugehen.<\/p>\n<p>Das Unternehmen \u00fcbernimmt im Rahmen von Treu und Glauben keine Verantwortung und Haftung f\u00fcr Fehler, die durch Fehlleitungen bei der Registrierung elektronischer Daten im Shop entstehen.<\/p>\n<h2>Verf\u00fcgbarkeit<\/h2>\n<p>rentastroller.gr kann keine Garantie f\u00fcr die Verf\u00fcgbarkeit der auf seiner Website ver\u00f6ffentlichten Produkte \u00fcbernehmen. Sie verpflichtet sich jedoch, Kunden unverz\u00fcglich \u00fcber die Nichtverf\u00fcgbarkeit zu informieren, wenn sie Interesse an der Bestellung eines nicht verf\u00fcgbaren Produkts bekunden.<\/p>\n<h2>Verwendung von Material<\/h2>\n<p>Die gesamte gemietete Ausr\u00fcstung bleibt jederzeit Eigentum von RentaStroller. Die gemietete Ausr\u00fcstung ist f\u00fcr den privaten Gebrauch und nicht f\u00fcr den gewerblichen Gebrauch bestimmt, es sei denn, dies wurde vorher mit RentaStroller vereinbart.<\/p>\n<p>Sie m\u00fcssen die Anweisungen, die wir mit dem Ger\u00e4t liefern, vor der Verwendung sorgf\u00e4ltig lesen und die Anweisungen bei der Verwendung des Ger\u00e4ts jederzeit befolgen.<\/p>\n<p>Sie m\u00fcssen sorgf\u00e4ltig auf die sichere Aufbewahrung der Ausr\u00fcstung achten.<\/p>\n<p>Sie m\u00fcssen das Ger\u00e4t auf sichere und vern\u00fcnftige Weise und in \u00dcbereinstimmung mit dem Zweck, f\u00fcr den es geliefert wurde, und den Anweisungen des Herstellers verwenden.<\/p>\n<p>Wie bei allen anderen Aktivit\u00e4ten ist die Aufsicht eines Erwachsenen erforderlich, w\u00e4hrend Kinder die gemieteten Gegenst\u00e4nde benutzen.<\/p>\n<p>Die Montage der beigestellten Artikel wird von Ihnen durchgef\u00fchrt. Die meisten unserer Artikel werden vollst\u00e4ndig oder teilweise montiert geliefert.<\/p>\n<h2>Zustand der Ausr\u00fcstung bei R\u00fcckgabe<\/h2>\n<p>Am Ende der Mietzeit m\u00fcssen Sie das Material in demselben guten Zustand zur\u00fcckgeben, in dem Sie es erhalten haben. Es werden lediglich leichte Sch\u00e4den und Abnutzungserscheinungen aufgrund des normalen Gebrauchs akzeptiert.<\/p>\n<p>Bei der R\u00fcckgabe der gemieteten Ausr\u00fcstung wird Ihnen der Marktwert des betreffenden Produkts in Rechnung gestellt, falls ein Produkt oder ein Teil davon besch\u00e4digt, kaputt, verloren oder gestohlen wird und es dadurch vor\u00fcbergehend oder dauerhaft f\u00fcr einen neuen Standort unbrauchbar wird.<\/p>\n<p>Die R\u00fccksendung der Ger\u00e4te muss mit demselben oder einem \u00e4hnlichen Verpackungssystem erfolgen. Bei Besch\u00e4digung oder Zerst\u00f6rung des Verpackungssystems werden zus\u00e4tzliche Betr\u00e4ge berechnet.<\/p>\n<p>Alle Artikel m\u00fcssen sauber zur\u00fcckgegeben werden. Wenn der Artikel schmutziger zur\u00fcckgegeben wird, als bei ordnungsgem\u00e4\u00dfer Verwendung zu erwarten ist, werden zus\u00e4tzliche Kosten berechnet.<\/p>\n<p>F\u00fcr den Fall, dass die Ausr\u00fcstung versp\u00e4tet und innerhalb von 24 Stunden nach Ende der Mietzeit an uns zur\u00fcckgegeben wird, behalten wir uns das Recht vor, zus\u00e4tzliche Betr\u00e4ge zu berechnen. Falls das Material nicht 24 Stunden nach Ende der Mietzeit an uns zur\u00fcckgegeben wird, wird Ihnen der Marktwert des betreffenden Produkts in Rechnung gestellt<\/p>\n<p>Wir werden Ihnen innerhalb von 5 Werktagen nach R\u00fcckgabe der gemieteten Ausr\u00fcstung etwaige Sch\u00e4den und\/oder Fehlfunktionen der Produkte melden und Sie \u00fcber die Kosten informieren, die Ihnen in Rechnung gestellt werden.<\/p>\n<h2>Tipps und Ideen<\/h2>\n<p>Das Unternehmen hat den Inhalt der auf der Website bebejou.gr bereitgestellten Ratschl\u00e4ge und Ideen mit gr\u00f6\u00dftm\u00f6glicher Sorgfalt zusammengestellt. Angesichts der Besonderheiten jeder beschriebenen Arbeit liegt es jedoch in der Verantwortung des Lesers, die erforderlichen Sicherheitsma\u00dfnahmen zu ergreifen, nachdem er zuvor die Gebrauchsanweisung des Herstellers jedes von ihm verwendeten Produkts gelesen hat, und rentastroller.gr \u00fcbernimmt keine Verantwortung.<\/p>\n<p>rentastroller.gr haftet gegen\u00fcber Kunden\/Nutzern nicht f\u00fcr Sch\u00e4den, die aus der Ausf\u00fchrung oder Nichtausf\u00fchrung ihrer Bestellung entstehen k\u00f6nnen (au\u00dfer in den F\u00e4llen des Absatzes 10. \u201eR\u00fcckgabe \u2013 Produktaustausch\u201c). Sie beh\u00e4lt sich au\u00dferdem das Recht vor, die Ware in F\u00e4llen h\u00f6herer Gewalt auszuliefern. Der Online-Shop rentastroller.gr stellt die Inhalte (Informationen, Namen, Fotos, Illustrationen usw.), Produkte und Dienstleistungen, die \u00fcber die Website verf\u00fcgbar sind, \u201ewie besehen\u201c zur Verf\u00fcgung.<\/p>\n<p>Unter keinen Umst\u00e4nden \u00fcbernimmt der Online-Shop rentastroller.gr die Verantwortung f\u00fcr rechtliche oder zivilrechtliche und\/oder strafrechtliche Anspr\u00fcche oder f\u00fcr potenzielle Sch\u00e4den (positive, besondere oder kumulierte Sch\u00e4den, die indikativ und nicht einschr\u00e4nkend, disjunktiv und\/oder kumulativ aus entgangenen Gewinnen, Daten usw. bestehen). entgangener Gewinn, finanzielle Befriedigung usw.) von Website-Besuchern oder Dritten aus einem Grund, der mit dem Betrieb oder Nichtbetrieb und\/oder der Nutzung der Website und\/oder der Nichtbereitstellung von auf der Website verf\u00fcgbaren Diensten und\/oder Informationen zusammenh\u00e4ngt oder\/und vor unbefugten Eingriffen Dritter in Produkte und\/oder Dienstleistungen und\/oder Informationen, die dar\u00fcber verf\u00fcgbar sind.<\/p>\n<h2>Rechte an geistigem Eigentum<\/h2>\n<p>Diese Website ist der offizielle Online-Shop rentastroller.gr. Abgesehen von den ausdr\u00fccklich genannten Ausnahmen (Urheberrechte Dritter, Partner und Lieferanten) sind alle Inhalte der Website, einschlie\u00dflich Bilder, Texte und audiovisuelles Material, Grafiken, Fotos, Designs, Texte, bereitgestellte Dienstleistungen und Produkte sind geistiges Eigentum von Bebejou Hellas und gem\u00e4\u00df den einschl\u00e4gigen Bestimmungen des griechischen Rechts, des europ\u00e4ischen Rechts und internationaler \u00dcbereinkommen gesch\u00fctzt.<\/p>\n<p>Jegliches Kopieren, Reproduzieren, Modifizieren, Weiterverkaufen oder die Irref\u00fchrung der \u00d6ffentlichkeit \u00fcber den tats\u00e4chlichen Anbieter der Website-Inhalte ist untersagt. Jegliche Vervielf\u00e4ltigung, Neuver\u00f6ffentlichung, Hochladen, Ver\u00f6ffentlichung, Verbreitung oder \u00dcbertragung oder jede andere Nutzung des Inhalts in irgendeiner Art und Weise oder auf irgendeinem Medium f\u00fcr kommerzielle oder andere Zwecke ist nur mit vorheriger schriftlicher Genehmigung von gestattet<\/p>\n<p>Die Namen, Bilder, Logos, Unterscheidungsmerkmale, Texte und audiovisuellen Materialien, die den Shop rentastroller.gr und\/oder mit ihnen beauftragte Dritte sowie deren Produkte oder Dienstleistungen repr\u00e4sentieren, sind ausschlie\u00dfliche Marken und Unterscheidungsmerkmale von rentastroller.gr und\/oder oder der oben genannten Dritten und sind durch griechische, gemeinschaftliche und internationale Markenrechte sowie gewerbliche und geistige Eigentumsrechte gesch\u00fctzt. In keinem Fall sollte ihr Erscheinen und ihre Offenlegung auf der Website rentastroller.gr und im Online-Shop rentastroller.gr in irgendeiner Weise als \u00dcbertragung oder Abtretung einer Lizenz oder eines Nutzungsrechts aufgefasst werden.<\/p>\n<h2>Griechisch \u2013 Anwendbares Recht<\/h2>\n<p>Die oben genannten Allgemeinen Gesch\u00e4ftsbedingungen sowie alle Erg\u00e4nzungen, \u00c4nderungen oder Abwandlungen unterliegen griechischem Recht, dem Recht der Europ\u00e4ischen Union und den einschl\u00e4gigen internationalen Vertr\u00e4gen und werden durch diese erg\u00e4nzt. Jede Bestimmung der oben genannten Bedingungen verst\u00f6\u00dft gegen das Gesetz<\/p>\n","protected":false},"excerpt":{"rendered":"<p>rentastroller.gr beh\u00e4lt sich das Recht vor, die vorliegenden Gesch\u00e4ftsbedingungen f\u00fcr Transaktionen, die \u00fcber seinen Online-Shop get\u00e4tigt werden, ohne vorherige Ank\u00fcndigung einseitig zu \u00e4ndern oder zu erneuern, indem die Besucher durch Ver\u00f6ffentlichung der neuen Gesch\u00e4ftsbedingungen auf der Website dieses Online-Shops dar\u00fcber informiert werden. Es wird klargestellt, dass die \u00c4nderung der Bedingungen nicht f\u00fcr Bestellungen gilt, die [&#8230;]\n","protected":false},"author":1,"featured_media":0,"parent":0,"menu_order":0,"comment_status":"closed","ping_status":"closed","template":"page-blank-title-center.php","meta":{"footnotes":""},"class_list":["post-348","page","type-page","status-publish","hentry"],"yoast_head":"<!-- This site is optimized with the Yoast SEO Premium plugin v18.3 (Yoast SEO v27.1.1) - https:\/\/yoast.com\/product\/yoast-seo-premium-wordpress\/ -->\n<title>Terms &amp; Conditions - Rent a Stroller<\/title>\n<meta name=\"robots\" content=\"index, follow, max-snippet:-1, max-image-preview:large, max-video-preview:-1\" \/>\n<link rel=\"canonical\" href=\"https:\/\/rentastroller.gr\/de\/terms-conditions\/\" \/>\n<meta property=\"og:locale\" content=\"de_DE\" \/>\n<meta property=\"og:locale:alternate\" content=\"en_US\" \/>\n<meta property=\"og:locale:alternate\" content=\"fr_FR\" \/>\n<meta property=\"og:locale:alternate\" content=\"el_GR\" \/>\n<meta property=\"og:type\" content=\"article\" \/>\n<meta property=\"og:title\" content=\"Terms &amp; Conditions\" \/>\n<meta property=\"og:description\" content=\"rentastroller.gr beh\u00e4lt sich das Recht vor, die vorliegenden Gesch\u00e4ftsbedingungen f\u00fcr Transaktionen, die \u00fcber seinen Online-Shop get\u00e4tigt werden, ohne vorherige Ank\u00fcndigung einseitig zu \u00e4ndern oder zu erneuern, indem die Besucher durch Ver\u00f6ffentlichung der neuen Gesch\u00e4ftsbedingungen auf der Website dieses Online-Shops dar\u00fcber informiert werden. Es wird klargestellt, dass die \u00c4nderung der Bedingungen nicht f\u00fcr Bestellungen gilt, die [...]\" \/>\n<meta property=\"og:url\" content=\"https:\/\/rentastroller.gr\/de\/terms-conditions\/\" \/>\n<meta property=\"og:site_name\" content=\"Rent a Stroller\" \/>\n<meta property=\"article:modified_time\" content=\"2023-05-22T11:32:11+00:00\" \/>\n<meta name=\"twitter:card\" content=\"summary_large_image\" \/>\n<meta name=\"twitter:label1\" content=\"Gesch\u00e4tzte Lesezeit\" \/>\n\t<meta name=\"twitter:data1\" content=\"5\u00a0Minuten\" \/>\n<script type=\"application\/ld+json\" class=\"yoast-schema-graph\">{\"@context\":\"https:\/\/schema.org\",\"@graph\":[{\"@type\":\"WebPage\",\"@id\":\"https:\/\/rentastroller.gr\/terms-conditions\/\",\"url\":\"https:\/\/rentastroller.gr\/terms-conditions\/\",\"name\":\"Terms & Conditions - Rent a Stroller\",\"isPartOf\":{\"@id\":\"https:\/\/rentastroller.gr\/#website\"},\"datePublished\":\"2023-05-22T11:04:32+00:00\",\"dateModified\":\"2023-05-22T11:32:11+00:00\",\"breadcrumb\":{\"@id\":\"https:\/\/rentastroller.gr\/terms-conditions\/#breadcrumb\"},\"inLanguage\":\"de-DE\",\"potentialAction\":[{\"@type\":\"ReadAction\",\"target\":[\"https:\/\/rentastroller.gr\/terms-conditions\/\"]}]},{\"@type\":\"BreadcrumbList\",\"@id\":\"https:\/\/rentastroller.gr\/terms-conditions\/#breadcrumb\",\"itemListElement\":[{\"@type\":\"ListItem\",\"position\":1,\"name\":\"Home\",\"item\":\"https:\/\/rentastroller.gr\/\"},{\"@type\":\"ListItem\",\"position\":2,\"name\":\"Terms &#038; Conditions\"}]},{\"@type\":\"WebSite\",\"@id\":\"https:\/\/rentastroller.gr\/#website\",\"url\":\"https:\/\/rentastroller.gr\/\",\"name\":\"Rent a Stroller\",\"description\":\"\",\"potentialAction\":[{\"@type\":\"SearchAction\",\"target\":{\"@type\":\"EntryPoint\",\"urlTemplate\":\"https:\/\/rentastroller.gr\/?s={search_term_string}\"},\"query-input\":{\"@type\":\"PropertyValueSpecification\",\"valueRequired\":true,\"valueName\":\"search_term_string\"}}],\"inLanguage\":\"de-DE\"}]}<\/script>\n<!-- \/ Yoast SEO Premium plugin. -->","yoast_head_json":{"title":"Terms & Conditions - Rent a Stroller","robots":{"index":"index","follow":"follow","max-snippet":"max-snippet:-1","max-image-preview":"max-image-preview:large","max-video-preview":"max-video-preview:-1"},"canonical":"https:\/\/rentastroller.gr\/de\/terms-conditions\/","og_locale":"de_DE","og_type":"article","og_title":"Terms & Conditions","og_description":"rentastroller.gr beh\u00e4lt sich das Recht vor, die vorliegenden Gesch\u00e4ftsbedingungen f\u00fcr Transaktionen, die \u00fcber seinen Online-Shop get\u00e4tigt werden, ohne vorherige Ank\u00fcndigung einseitig zu \u00e4ndern oder zu erneuern, indem die Besucher durch Ver\u00f6ffentlichung der neuen Gesch\u00e4ftsbedingungen auf der Website dieses Online-Shops dar\u00fcber informiert werden. Es wird klargestellt, dass die \u00c4nderung der Bedingungen nicht f\u00fcr Bestellungen gilt, die [...]","og_url":"https:\/\/rentastroller.gr\/de\/terms-conditions\/","og_site_name":"Rent a Stroller","article_modified_time":"2023-05-22T11:32:11+00:00","twitter_card":"summary_large_image","twitter_misc":{"Gesch\u00e4tzte Lesezeit":"5\u00a0Minuten"},"schema":{"@context":"https:\/\/schema.org","@graph":[{"@type":"WebPage","@id":"https:\/\/rentastroller.gr\/terms-conditions\/","url":"https:\/\/rentastroller.gr\/terms-conditions\/","name":"Terms & Conditions - Rent a Stroller","isPartOf":{"@id":"https:\/\/rentastroller.gr\/#website"},"datePublished":"2023-05-22T11:04:32+00:00","dateModified":"2023-05-22T11:32:11+00:00","breadcrumb":{"@id":"https:\/\/rentastroller.gr\/terms-conditions\/#breadcrumb"},"inLanguage":"de-DE","potentialAction":[{"@type":"ReadAction","target":["https:\/\/rentastroller.gr\/terms-conditions\/"]}]},{"@type":"BreadcrumbList","@id":"https:\/\/rentastroller.gr\/terms-conditions\/#breadcrumb","itemListElement":[{"@type":"ListItem","position":1,"name":"Home","item":"https:\/\/rentastroller.gr\/"},{"@type":"ListItem","position":2,"name":"Terms &#038; Conditions"}]},{"@type":"WebSite","@id":"https:\/\/rentastroller.gr\/#website","url":"https:\/\/rentastroller.gr\/","name":"Rent a Stroller","description":"","potentialAction":[{"@type":"SearchAction","target":{"@type":"EntryPoint","urlTemplate":"https:\/\/rentastroller.gr\/?s={search_term_string}"},"query-input":{"@type":"PropertyValueSpecification","valueRequired":true,"valueName":"search_term_string"}}],"inLanguage":"de-DE"}]}},"_links":{"self":[{"href":"https:\/\/rentastroller.gr\/de\/wp-json\/wp\/v2\/pages\/348","targetHints":{"allow":["GET"]}}],"collection":[{"href":"https:\/\/rentastroller.gr\/de\/wp-json\/wp\/v2\/pages"}],"about":[{"href":"https:\/\/rentastroller.gr\/de\/wp-json\/wp\/v2\/types\/page"}],"author":[{"embeddable":true,"href":"https:\/\/rentastroller.gr\/de\/wp-json\/wp\/v2\/users\/1"}],"replies":[{"embeddable":true,"href":"https:\/\/rentastroller.gr\/de\/wp-json\/wp\/v2\/comments?post=348"}],"version-history":[{"count":11,"href":"https:\/\/rentastroller.gr\/de\/wp-json\/wp\/v2\/pages\/348\/revisions"}],"predecessor-version":[{"id":360,"href":"https:\/\/rentastroller.gr\/de\/wp-json\/wp\/v2\/pages\/348\/revisions\/360"}],"wp:attachment":[{"href":"https:\/\/rentastroller.gr\/de\/wp-json\/wp\/v2\/media?parent=348"}],"curies":[{"name":"wp","href":"https:\/\/api.w.org\/{rel}","templated":true}]}}