{"id":348,"date":"2023-05-22T14:04:32","date_gmt":"2023-05-22T11:04:32","guid":{"rendered":"https:\/\/rentastroller.gr\/?page_id=348"},"modified":"2023-05-22T14:32:11","modified_gmt":"2023-05-22T11:32:11","slug":"terms-conditions","status":"publish","type":"page","link":"https:\/\/rentastroller.gr\/fr\/terms-conditions\/","title":{"rendered":"Terms &#038; Conditions"},"content":{"rendered":"<p>rentastroller.gr se r\u00e9serve le droit de modifier ou de renouveler unilat\u00e9ralement les pr\u00e9sentes conditions g\u00e9n\u00e9rales des transactions effectu\u00e9es via sa boutique en ligne sans pr\u00e9avis, en informant les visiteurs en publiant les nouvelles conditions g\u00e9n\u00e9rales sur le site Web de cette boutique en ligne.<\/p>\n<p>Il est pr\u00e9cis\u00e9 que la modification des conditions ne s&rsquo;applique pas aux commandes que vous avez d\u00e9j\u00e0 pass\u00e9es.<\/p>\n<p>rentastroller.gr s&rsquo;engage sur la qualit\u00e9, l&rsquo;exhaustivit\u00e9 et la validit\u00e9 des informations figurant sur le site Web rentastroller.gr, sous r\u00e9serve d&rsquo;erreurs techniques ou typographiques impr\u00e9visibles ou survenues involontairement, y compris les descriptions et les prix des produits ou d&rsquo;\u00e9ventuelles interruptions du fonctionnement de du site en raison d&rsquo;un cas de force majeure, sans pour autant s&rsquo;engager sur la disponibilit\u00e9 des produits.<\/p>\n<p>La Soci\u00e9t\u00e9, dans le cadre de la bonne foi, n&rsquo;est pas responsable et n&rsquo;est pas tenue des erreurs dues \u00e0 une mauvaise direction lors de l&rsquo;enregistrement des donn\u00e9es \u00e9lectroniques dans le magasin.<\/p>\n<h2>Disponibilit\u00e9<\/h2>\n<p>rentastroller.gr ne peut fournir aucune garantie quant \u00e0 la disponibilit\u00e9 des produits affich\u00e9s sur son site Web. Toutefois, il s&rsquo;engage \u00e0 informer rapidement les clients de l&rsquo;indisponibilit\u00e9 au cas o\u00f9 ils manifesteraient un int\u00e9r\u00eat pour commander un produit indisponible.<\/p>\n<h2>Utilisation du mat\u00e9riel<\/h2>\n<p>Tous les \u00e9quipements lou\u00e9s restent \u00e0 tout moment la propri\u00e9t\u00e9 de RentaStroller. Le mat\u00e9riel lou\u00e9 est \u00e0 usage priv\u00e9 et non \u00e0 usage commercial, sauf accord pr\u00e9alable avec RentaStroller.<\/p>\n<p>Vous devez lire attentivement les instructions fournies avec l&rsquo;\u00e9quipement avant son utilisation et suivre les instructions \u00e0 tout moment lors de l&rsquo;utilisation de l&rsquo;\u00e9quipement.<\/p>\n<p>Vous devez prendre soin et assurer la garde de l&rsquo;\u00e9quipement.<\/p>\n<p>Vous devez utiliser l&rsquo;\u00e9quipement de mani\u00e8re s\u00fbre et raisonnable et conform\u00e9ment \u00e0 la fois \u00e0 l&rsquo;usage pour lequel il a \u00e9t\u00e9 fourni et aux instructions du fabricant.<\/p>\n<p>Comme il est requis au cours de toute autre activit\u00e9, la surveillance d&rsquo;un adulte est obligatoire pendant que les enfants utilisent l&rsquo;un des articles lou\u00e9s.<\/p>\n<p>L&rsquo;assemblage des \u00e9l\u00e9ments fournis sera effectu\u00e9 par vos soins. La majorit\u00e9 de nos articles sont fournis totalement ou partiellement assembl\u00e9s.<\/p>\n<h2>\u00c9tat de l&rsquo;\u00e9quipement au retour<\/h2>\n<p>\u00c0 la fin de la p\u00e9riode de location, vous devez rendre le mat\u00e9riel dans le m\u00eame bon \u00e9tat dans lequel vous l&rsquo;avez re\u00e7u et seuls de l\u00e9gers dommages et usures dus \u00e0 une utilisation normale doivent \u00eatre accept\u00e9s.<\/p>\n<p>Lors de la restitution du mat\u00e9riel lou\u00e9, dans le cas o\u00f9 un produit ou une partie de celui-ci serait endommag\u00e9, cass\u00e9, perdu ou vol\u00e9, le rendant temporairement ou d\u00e9finitivement inutilisable pour un nouvel emplacement, vous serez factur\u00e9 de la valeur marchande du produit en question.<\/p>\n<p>L&rsquo;\u00e9quipement doit \u00eatre retourn\u00e9 avec le m\u00eame syst\u00e8me d&#8217;emballage ou un syst\u00e8me d&#8217;emballage similaire. Si le syst\u00e8me d&#8217;emballage est endommag\u00e9 ou d\u00e9truit, des montants suppl\u00e9mentaires seront factur\u00e9s.<\/p>\n<p>Tous les articles doivent \u00eatre retourn\u00e9s propres, si l&rsquo;article est retourn\u00e9 plus sale que pr\u00e9vu pour une utilisation correcte, des montants suppl\u00e9mentaires seront factur\u00e9s.<\/p>\n<p>Si le mat\u00e9riel nous est restitu\u00e9 en retard et dans les 24 heures suivant la fin de la p\u00e9riode de location, nous nous r\u00e9servons le droit de facturer des montants suppl\u00e9mentaires. Dans le cas o\u00f9 le mat\u00e9riel ne nous aurait pas \u00e9t\u00e9 restitu\u00e9 24h apr\u00e8s la fin de la p\u00e9riode de location, vous serez factur\u00e9 de la valeur marchande du produit en question<\/p>\n<p>Nous vous signalerons, dans les 5 jours ouvr\u00e9s suivant la restitution du mat\u00e9riel lou\u00e9, tout dommage et\/ou dysfonctionnement des produits, et nous vous informerons des frais qui vous seront factur\u00e9s.<\/p>\n<h2>Conseils et id\u00e9es<\/h2>\n<p>La soci\u00e9t\u00e9 a \u00e9dit\u00e9 avec le plus grand soin le contenu des conseils et id\u00e9es propos\u00e9s sur le site bebejou.gr. Cependant, compte tenu des particularit\u00e9s de chaque ouvrage d\u00e9crit, les lecteurs sont responsables de prendre les mesures de s\u00e9curit\u00e9 n\u00e9cessaires apr\u00e8s avoir lu au pr\u00e9alable les instructions d&rsquo;utilisation du fabricant de chaque produit qu&rsquo;ils utilisent, et rentastroller.gr n&rsquo;assume aucune responsabilit\u00e9.<\/p>\n<p>rentastroller.gr n&rsquo;est pas responsable envers les clients \/ utilisateurs des dommages pouvant r\u00e9sulter de l&rsquo;ex\u00e9cution ou de la non-ex\u00e9cution de leur commande (\u00e0 l&rsquo;exception des cas du paragraphe 10. \u00ab\u00a0Retour &#8211; Remplacement du produit\u00a0\u00bb). Elle se r\u00e9serve \u00e9galement le droit de livrer la marchandise en cas de force majeure. La boutique en ligne rentastroller.gr fournit le contenu (informations, noms, photos, illustrations, etc.), produits et services disponibles sur le site Web \u00ab\u00a0tel quel\u00a0\u00bb.<\/p>\n<p>En aucun cas, la boutique en ligne rentastroller.gr ne pourra \u00eatre tenue responsable des r\u00e9clamations l\u00e9gales ou civiles et\/ou p\u00e9nales ni des dommages potentiels (positifs, sp\u00e9ciaux ou cumulatifs qui, \u00e0 titre indicatif et non limitatif, disjonctif et\/ou cumulatif consistent en une perte de b\u00e9n\u00e9fices, de donn\u00e9es , manque \u00e0 gagner, satisfaction mon\u00e9taire, etc.) des visiteurs du site Web ou de tiers pour une raison li\u00e9e au fonctionnement ou au non-fonctionnement et\/ou \u00e0 l&rsquo;utilisation du site Web et\/ou \u00e0 la non-fourniture des services et\/ou des informations disponibles sur celui-ci ou\/et de toute intervention non autoris\u00e9e de tiers dans les produits et\/ou services et\/ou informations disponibles par son interm\u00e9diaire.<\/p>\n<h2>Droits de propri\u00e9t\u00e9 intellectuelle<\/h2>\n<p>Ce site Web est la boutique en ligne officielle rentastroller.gr Hormis les exceptions express\u00e9ment mentionn\u00e9es (droits d&rsquo;auteur de tiers, partenaires et fournisseurs), tout le contenu du site Web, y compris les images, les textes et le mat\u00e9riel audiovisuel, les graphiques, les photos, les dessins, les textes, les services fournis et les produits sont la propri\u00e9t\u00e9 intellectuelle de Bebejou Hellas et sont prot\u00e9g\u00e9s conform\u00e9ment aux dispositions pertinentes du droit grec, du droit europ\u00e9en et des conventions internationales.<\/p>\n<p>Toute copie, reproduction, modification, revente ou tromperie du public sur le v\u00e9ritable fournisseur du contenu du site est interdite. Toute reproduction, republication, t\u00e9l\u00e9chargement, publication, diffusion ou transmission ou toute autre utilisation du Contenu de quelque mani\u00e8re ou sur quelque support que ce soit \u00e0 des fins commerciales ou autres n&rsquo;est autoris\u00e9e qu&rsquo;avec l&rsquo;autorisation \u00e9crite pr\u00e9alable de<\/p>\n<p>Les noms, images, logos, caract\u00e9ristiques distinctives, textes et mat\u00e9riel audiovisuel qui repr\u00e9sentent la boutique rentastroller.gr et\/ou des tiers sous contrat avec eux ainsi que leurs produits ou services sont des marques exclusives et des caract\u00e9ristiques distinctives de rentastroller.gr et\/ ou des tiers susmentionn\u00e9s et sont prot\u00e9g\u00e9s par les lois grecques, communautaires et internationales sur les marques et la propri\u00e9t\u00e9 industrielle et intellectuelle. Dans tous les cas, leur apparition et leur exposition sur le site Web rentastroller.gr et dans la boutique en ligne rentastroller.gr ne doivent en aucun cas \u00eatre consid\u00e9r\u00e9es comme un transfert ou une cession d&rsquo;une licence ou d&rsquo;un droit d&rsquo;utilisation.<\/p>\n<h2>Grec &#8211; Loi applicable<\/h2>\n<p>Les termes et conditions ci-dessus ainsi que toute modification, modification ou alt\u00e9ration de ceux-ci sont r\u00e9gis et compl\u00e9t\u00e9s par le droit grec, le droit de l&rsquo;Union europ\u00e9enne et les trait\u00e9s internationaux pertinents. Toute disposition des conditions ci-dessus devient contraire \u00e0 la loi<\/p>\n","protected":false},"excerpt":{"rendered":"<p>rentastroller.gr se r\u00e9serve le droit de modifier ou de renouveler unilat\u00e9ralement les pr\u00e9sentes conditions g\u00e9n\u00e9rales des transactions effectu\u00e9es via sa boutique en ligne sans pr\u00e9avis, en informant les visiteurs en publiant les nouvelles conditions g\u00e9n\u00e9rales sur le site Web de cette boutique en ligne. Il est pr\u00e9cis\u00e9 que la modification des conditions ne s&rsquo;applique pas [&#8230;]\n","protected":false},"author":1,"featured_media":0,"parent":0,"menu_order":0,"comment_status":"closed","ping_status":"closed","template":"page-blank-title-center.php","meta":{"footnotes":""},"class_list":["post-348","page","type-page","status-publish","hentry"],"yoast_head":"<!-- This site is optimized with the Yoast SEO Premium plugin v18.3 (Yoast SEO v27.1.1) - https:\/\/yoast.com\/product\/yoast-seo-premium-wordpress\/ -->\n<title>Terms &amp; Conditions - Rent a Stroller<\/title>\n<meta name=\"robots\" content=\"index, follow, max-snippet:-1, max-image-preview:large, max-video-preview:-1\" \/>\n<link rel=\"canonical\" href=\"https:\/\/rentastroller.gr\/fr\/terms-conditions\/\" \/>\n<meta property=\"og:locale\" content=\"fr_FR\" \/>\n<meta property=\"og:locale:alternate\" content=\"en_US\" \/>\n<meta property=\"og:locale:alternate\" content=\"de_DE\" \/>\n<meta property=\"og:locale:alternate\" content=\"el_GR\" \/>\n<meta property=\"og:type\" content=\"article\" \/>\n<meta property=\"og:title\" content=\"Terms &amp; Conditions\" \/>\n<meta property=\"og:description\" content=\"rentastroller.gr se r\u00e9serve le droit de modifier ou de renouveler unilat\u00e9ralement les pr\u00e9sentes conditions g\u00e9n\u00e9rales des transactions effectu\u00e9es via sa boutique en ligne sans pr\u00e9avis, en informant les visiteurs en publiant les nouvelles conditions g\u00e9n\u00e9rales sur le site Web de cette boutique en ligne. Il est pr\u00e9cis\u00e9 que la modification des conditions ne s&rsquo;applique pas [...]\" \/>\n<meta property=\"og:url\" content=\"https:\/\/rentastroller.gr\/fr\/terms-conditions\/\" \/>\n<meta property=\"og:site_name\" content=\"Rent a Stroller\" \/>\n<meta property=\"article:modified_time\" content=\"2023-05-22T11:32:11+00:00\" \/>\n<meta name=\"twitter:card\" content=\"summary_large_image\" \/>\n<meta name=\"twitter:label1\" content=\"Dur\u00e9e de lecture estim\u00e9e\" \/>\n\t<meta name=\"twitter:data1\" content=\"5 minutes\" \/>\n<script type=\"application\/ld+json\" class=\"yoast-schema-graph\">{\"@context\":\"https:\/\/schema.org\",\"@graph\":[{\"@type\":\"WebPage\",\"@id\":\"https:\/\/rentastroller.gr\/terms-conditions\/\",\"url\":\"https:\/\/rentastroller.gr\/terms-conditions\/\",\"name\":\"Terms & Conditions - Rent a Stroller\",\"isPartOf\":{\"@id\":\"https:\/\/rentastroller.gr\/#website\"},\"datePublished\":\"2023-05-22T11:04:32+00:00\",\"dateModified\":\"2023-05-22T11:32:11+00:00\",\"breadcrumb\":{\"@id\":\"https:\/\/rentastroller.gr\/terms-conditions\/#breadcrumb\"},\"inLanguage\":\"fr-FR\",\"potentialAction\":[{\"@type\":\"ReadAction\",\"target\":[\"https:\/\/rentastroller.gr\/terms-conditions\/\"]}]},{\"@type\":\"BreadcrumbList\",\"@id\":\"https:\/\/rentastroller.gr\/terms-conditions\/#breadcrumb\",\"itemListElement\":[{\"@type\":\"ListItem\",\"position\":1,\"name\":\"Home\",\"item\":\"https:\/\/rentastroller.gr\/\"},{\"@type\":\"ListItem\",\"position\":2,\"name\":\"Terms &#038; Conditions\"}]},{\"@type\":\"WebSite\",\"@id\":\"https:\/\/rentastroller.gr\/#website\",\"url\":\"https:\/\/rentastroller.gr\/\",\"name\":\"Rent a Stroller\",\"description\":\"\",\"potentialAction\":[{\"@type\":\"SearchAction\",\"target\":{\"@type\":\"EntryPoint\",\"urlTemplate\":\"https:\/\/rentastroller.gr\/?s={search_term_string}\"},\"query-input\":{\"@type\":\"PropertyValueSpecification\",\"valueRequired\":true,\"valueName\":\"search_term_string\"}}],\"inLanguage\":\"fr-FR\"}]}<\/script>\n<!-- \/ Yoast SEO Premium plugin. -->","yoast_head_json":{"title":"Terms & Conditions - Rent a Stroller","robots":{"index":"index","follow":"follow","max-snippet":"max-snippet:-1","max-image-preview":"max-image-preview:large","max-video-preview":"max-video-preview:-1"},"canonical":"https:\/\/rentastroller.gr\/fr\/terms-conditions\/","og_locale":"fr_FR","og_type":"article","og_title":"Terms & Conditions","og_description":"rentastroller.gr se r\u00e9serve le droit de modifier ou de renouveler unilat\u00e9ralement les pr\u00e9sentes conditions g\u00e9n\u00e9rales des transactions effectu\u00e9es via sa boutique en ligne sans pr\u00e9avis, en informant les visiteurs en publiant les nouvelles conditions g\u00e9n\u00e9rales sur le site Web de cette boutique en ligne. Il est pr\u00e9cis\u00e9 que la modification des conditions ne s&rsquo;applique pas [...]","og_url":"https:\/\/rentastroller.gr\/fr\/terms-conditions\/","og_site_name":"Rent a Stroller","article_modified_time":"2023-05-22T11:32:11+00:00","twitter_card":"summary_large_image","twitter_misc":{"Dur\u00e9e de lecture estim\u00e9e":"5 minutes"},"schema":{"@context":"https:\/\/schema.org","@graph":[{"@type":"WebPage","@id":"https:\/\/rentastroller.gr\/terms-conditions\/","url":"https:\/\/rentastroller.gr\/terms-conditions\/","name":"Terms & Conditions - Rent a Stroller","isPartOf":{"@id":"https:\/\/rentastroller.gr\/#website"},"datePublished":"2023-05-22T11:04:32+00:00","dateModified":"2023-05-22T11:32:11+00:00","breadcrumb":{"@id":"https:\/\/rentastroller.gr\/terms-conditions\/#breadcrumb"},"inLanguage":"fr-FR","potentialAction":[{"@type":"ReadAction","target":["https:\/\/rentastroller.gr\/terms-conditions\/"]}]},{"@type":"BreadcrumbList","@id":"https:\/\/rentastroller.gr\/terms-conditions\/#breadcrumb","itemListElement":[{"@type":"ListItem","position":1,"name":"Home","item":"https:\/\/rentastroller.gr\/"},{"@type":"ListItem","position":2,"name":"Terms &#038; Conditions"}]},{"@type":"WebSite","@id":"https:\/\/rentastroller.gr\/#website","url":"https:\/\/rentastroller.gr\/","name":"Rent a Stroller","description":"","potentialAction":[{"@type":"SearchAction","target":{"@type":"EntryPoint","urlTemplate":"https:\/\/rentastroller.gr\/?s={search_term_string}"},"query-input":{"@type":"PropertyValueSpecification","valueRequired":true,"valueName":"search_term_string"}}],"inLanguage":"fr-FR"}]}},"_links":{"self":[{"href":"https:\/\/rentastroller.gr\/fr\/wp-json\/wp\/v2\/pages\/348","targetHints":{"allow":["GET"]}}],"collection":[{"href":"https:\/\/rentastroller.gr\/fr\/wp-json\/wp\/v2\/pages"}],"about":[{"href":"https:\/\/rentastroller.gr\/fr\/wp-json\/wp\/v2\/types\/page"}],"author":[{"embeddable":true,"href":"https:\/\/rentastroller.gr\/fr\/wp-json\/wp\/v2\/users\/1"}],"replies":[{"embeddable":true,"href":"https:\/\/rentastroller.gr\/fr\/wp-json\/wp\/v2\/comments?post=348"}],"version-history":[{"count":11,"href":"https:\/\/rentastroller.gr\/fr\/wp-json\/wp\/v2\/pages\/348\/revisions"}],"predecessor-version":[{"id":360,"href":"https:\/\/rentastroller.gr\/fr\/wp-json\/wp\/v2\/pages\/348\/revisions\/360"}],"wp:attachment":[{"href":"https:\/\/rentastroller.gr\/fr\/wp-json\/wp\/v2\/media?parent=348"}],"curies":[{"name":"wp","href":"https:\/\/api.w.org\/{rel}","templated":true}]}}